{"id":5150,"date":"2022-12-13T00:33:09","date_gmt":"2022-12-13T00:33:09","guid":{"rendered":"https:\/\/thermostop.com\/?page_id=5150"},"modified":"2025-02-27T13:46:56","modified_gmt":"2025-02-27T13:46:56","slug":"dessins-slider","status":"publish","type":"page","link":"https:\/\/thermostop.com\/fr\/dessins-slider\/","title":{"rendered":"dessins slider"},"content":{"rendered":"\t\t<div data-elementor-type=\"wp-page\" data-elementor-id=\"5150\" class=\"elementor elementor-5150 elementor-2868\" data-elementor-post-type=\"page\">\n\t\t\t\t\t\t<section class=\"elementor-section elementor-top-section elementor-element elementor-element-f3bb351 elementor-section-boxed elementor-section-height-default elementor-section-height-default\" data-id=\"f3bb351\" data-element_type=\"section\">\n\t\t\t\t\t\t<div class=\"elementor-container elementor-column-gap-default\">\n\t\t\t\t\t<div class=\"elementor-column elementor-col-50 elementor-top-column elementor-element elementor-element-42d7987\" data-id=\"42d7987\" data-element_type=\"column\">\n\t\t\t<div class=\"elementor-widget-wrap elementor-element-populated\">\n\t\t\t\t\t\t<div class=\"elementor-element elementor-element-3147530 elementor-widget elementor-widget-heading\" data-id=\"3147530\" data-element_type=\"widget\" data-widget_type=\"heading.default\">\n\t\t\t\t<div class=\"elementor-widget-container\">\n\t\t\t\t\t<h1 class=\"elementor-heading-title elementor-size-default\">Glace-Guard Slider<\/h1>\t\t\t\t<\/div>\n\t\t\t\t<\/div>\n\t\t\t\t<div class=\"elementor-element elementor-element-9fc574c elementor-widget elementor-widget-heading\" data-id=\"9fc574c\" data-element_type=\"widget\" data-widget_type=\"heading.default\">\n\t\t\t\t<div class=\"elementor-widget-container\">\n\t\t\t\t\t<span class=\"elementor-heading-title elementor-size-default\">Dessins architecturaux<\/span>\t\t\t\t<\/div>\n\t\t\t\t<\/div>\n\t\t\t\t<div class=\"elementor-element elementor-element-3e5fac9 elementor-align-left elementor-widget elementor-widget-button\" data-id=\"3e5fac9\" data-element_type=\"widget\" data-widget_type=\"button.default\">\n\t\t\t\t<div class=\"elementor-widget-container\">\n\t\t\t\t\t\t\t\t\t<div class=\"elementor-button-wrapper\">\n\t\t\t\t\t<a class=\"elementor-button elementor-button-link elementor-size-sm\" href=\"https:\/\/thermostop.com\/wp-content\/uploads\/2022\/12\/PORTE-COULISSANTE-manuelle-SIMPLE.pdf\">\n\t\t\t\t\t\t<span class=\"elementor-button-content-wrapper\">\n\t\t\t\t\t\t\t\t\t<span class=\"elementor-button-text\">PORTE COULISSANTE manuelle SIMPLE<\/span>\n\t\t\t\t\t<\/span>\n\t\t\t\t\t<\/a>\n\t\t\t\t<\/div>\n\t\t\t\t\t\t\t\t<\/div>\n\t\t\t\t<\/div>\n\t\t\t\t<div class=\"elementor-element elementor-element-6b5fdf4 elementor-align-left elementor-widget elementor-widget-button\" data-id=\"6b5fdf4\" data-element_type=\"widget\" data-widget_type=\"button.default\">\n\t\t\t\t<div class=\"elementor-widget-container\">\n\t\t\t\t\t\t\t\t\t<div class=\"elementor-button-wrapper\">\n\t\t\t\t\t<a class=\"elementor-button elementor-button-link elementor-size-sm\" href=\"https:\/\/thermostop.com\/wp-content\/uploads\/2022\/12\/PORTE-COULISSANTE-manuelle-DOUBLE.pdf\">\n\t\t\t\t\t\t<span class=\"elementor-button-content-wrapper\">\n\t\t\t\t\t\t\t\t\t<span class=\"elementor-button-text\">PORTE COULISSANTE manuelle DOUBLE<\/span>\n\t\t\t\t\t<\/span>\n\t\t\t\t\t<\/a>\n\t\t\t\t<\/div>\n\t\t\t\t\t\t\t\t<\/div>\n\t\t\t\t<\/div>\n\t\t\t\t<div class=\"elementor-element elementor-element-df6e6e5 elementor-align-left elementor-widget elementor-widget-button\" data-id=\"df6e6e5\" data-element_type=\"widget\" data-widget_type=\"button.default\">\n\t\t\t\t<div class=\"elementor-widget-container\">\n\t\t\t\t\t\t\t\t\t<div class=\"elementor-button-wrapper\">\n\t\t\t\t\t<a class=\"elementor-button elementor-button-link elementor-size-sm\" href=\"https:\/\/thermostop.com\/wp-content\/uploads\/2022\/12\/PORTE-COULISSANTE-motoris\u201ae-SIMPLE-AC.pdf\">\n\t\t\t\t\t\t<span class=\"elementor-button-content-wrapper\">\n\t\t\t\t\t\t\t\t\t<span class=\"elementor-button-text\">PORTE COULISSANTE motoris\u00e9e SIMPLE AC<\/span>\n\t\t\t\t\t<\/span>\n\t\t\t\t\t<\/a>\n\t\t\t\t<\/div>\n\t\t\t\t\t\t\t\t<\/div>\n\t\t\t\t<\/div>\n\t\t\t\t<div class=\"elementor-element elementor-element-4d6e4b9 elementor-align-left elementor-widget elementor-widget-button\" data-id=\"4d6e4b9\" data-element_type=\"widget\" data-widget_type=\"button.default\">\n\t\t\t\t<div class=\"elementor-widget-container\">\n\t\t\t\t\t\t\t\t\t<div class=\"elementor-button-wrapper\">\n\t\t\t\t\t<a class=\"elementor-button elementor-button-link elementor-size-sm\" href=\"https:\/\/thermostop.com\/wp-content\/uploads\/2022\/12\/PORTE-COULISSANTE-motoris\u201ae-DOUBLE-AC.pdf\">\n\t\t\t\t\t\t<span class=\"elementor-button-content-wrapper\">\n\t\t\t\t\t\t\t\t\t<span class=\"elementor-button-text\">PORTE COULISSANTE motoris\u00e9e DOUBLE AC<\/span>\n\t\t\t\t\t<\/span>\n\t\t\t\t\t<\/a>\n\t\t\t\t<\/div>\n\t\t\t\t\t\t\t\t<\/div>\n\t\t\t\t<\/div>\n\t\t\t\t<div class=\"elementor-element elementor-element-87ce35d elementor-align-left elementor-widget elementor-widget-button\" data-id=\"87ce35d\" data-element_type=\"widget\" data-widget_type=\"button.default\">\n\t\t\t\t<div class=\"elementor-widget-container\">\n\t\t\t\t\t\t\t\t\t<div class=\"elementor-button-wrapper\">\n\t\t\t\t\t<a class=\"elementor-button elementor-button-link elementor-size-sm\" href=\"https:\/\/thermostop.com\/wp-content\/uploads\/2022\/12\/PORTE-COULISSANTE-motoris\u201ae-DOUBLE-DC.pdf\">\n\t\t\t\t\t\t<span class=\"elementor-button-content-wrapper\">\n\t\t\t\t\t\t\t\t\t<span class=\"elementor-button-text\">PORTE COULISSANTE motoris\u00e9e DOUBLE DC<\/span>\n\t\t\t\t\t<\/span>\n\t\t\t\t\t<\/a>\n\t\t\t\t<\/div>\n\t\t\t\t\t\t\t\t<\/div>\n\t\t\t\t<\/div>\n\t\t\t\t\t<\/div>\n\t\t<\/div>\n\t\t\t\t<div class=\"elementor-column elementor-col-50 elementor-top-column elementor-element elementor-element-314af97\" data-id=\"314af97\" data-element_type=\"column\">\n\t\t\t<div class=\"elementor-widget-wrap elementor-element-populated\">\n\t\t\t\t\t\t<div class=\"elementor-element elementor-element-355ada8 elementor-widget elementor-widget-image\" data-id=\"355ada8\" data-element_type=\"widget\" data-widget_type=\"image.default\">\n\t\t\t\t<div class=\"elementor-widget-container\">\n\t\t\t\t\t\t\t\t\t\t\t\t\t\t\t<img fetchpriority=\"high\" decoding=\"async\" width=\"2000\" height=\"1899\" src=\"https:\/\/thermostop.com\/wp-content\/uploads\/2020\/12\/test1d_1.jpg\" class=\"attachment-full size-full wp-image-2414\" alt=\"\" srcset=\"https:\/\/thermostop.com\/wp-content\/uploads\/2020\/12\/test1d_1.jpg 2000w, https:\/\/thermostop.com\/wp-content\/uploads\/2020\/12\/test1d_1-300x285.jpg 300w, https:\/\/thermostop.com\/wp-content\/uploads\/2020\/12\/test1d_1-1024x972.jpg 1024w, https:\/\/thermostop.com\/wp-content\/uploads\/2020\/12\/test1d_1-768x729.jpg 768w, https:\/\/thermostop.com\/wp-content\/uploads\/2020\/12\/test1d_1-1536x1458.jpg 1536w\" sizes=\"(max-width: 2000px) 100vw, 2000px\" \/>\t\t\t\t\t\t\t\t\t\t\t\t\t\t\t<\/div>\n\t\t\t\t<\/div>\n\t\t\t\t\t<\/div>\n\t\t<\/div>\n\t\t\t\t\t<\/div>\n\t\t<\/section>\n\t\t\t\t<\/div>\n\t\t","protected":false},"excerpt":{"rendered":"<p>Glace-Guard Slider Dessins architecturaux PORTE COULISSANTE manuelle SIMPLE PORTE COULISSANTE manuelle DOUBLE PORTE COULISSANTE motoris\u00e9e SIMPLE AC PORTE COULISSANTE motoris\u00e9e DOUBLE AC PORTE COULISSANTE motoris\u00e9e DOUBLE DC<\/p>\n","protected":false},"author":3,"featured_media":0,"parent":0,"menu_order":0,"comment_status":"closed","ping_status":"closed","template":"elementor_header_footer","meta":{"footnotes":""},"class_list":["post-5150","page","type-page","status-publish","hentry"],"_links":{"self":[{"href":"https:\/\/thermostop.com\/fr\/wp-json\/wp\/v2\/pages\/5150","targetHints":{"allow":["GET"]}}],"collection":[{"href":"https:\/\/thermostop.com\/fr\/wp-json\/wp\/v2\/pages"}],"about":[{"href":"https:\/\/thermostop.com\/fr\/wp-json\/wp\/v2\/types\/page"}],"author":[{"embeddable":true,"href":"https:\/\/thermostop.com\/fr\/wp-json\/wp\/v2\/users\/3"}],"replies":[{"embeddable":true,"href":"https:\/\/thermostop.com\/fr\/wp-json\/wp\/v2\/comments?post=5150"}],"version-history":[{"count":8,"href":"https:\/\/thermostop.com\/fr\/wp-json\/wp\/v2\/pages\/5150\/revisions"}],"predecessor-version":[{"id":8115,"href":"https:\/\/thermostop.com\/fr\/wp-json\/wp\/v2\/pages\/5150\/revisions\/8115"}],"wp:attachment":[{"href":"https:\/\/thermostop.com\/fr\/wp-json\/wp\/v2\/media?parent=5150"}],"curies":[{"name":"wp","href":"https:\/\/api.w.org\/{rel}","templated":true}]}}