{"id":7089,"date":"2023-02-07T16:30:09","date_gmt":"2023-02-07T16:30:09","guid":{"rendered":"https:\/\/thermostop.com\/?page_id=7089"},"modified":"2025-02-27T12:09:42","modified_gmt":"2025-02-27T12:09:42","slug":"certifications","status":"publish","type":"page","link":"https:\/\/thermostop.com\/fr\/certifications\/","title":{"rendered":"Certifications"},"content":{"rendered":"\t\t<div data-elementor-type=\"wp-page\" data-elementor-id=\"7089\" class=\"elementor elementor-7089 elementor-143\" data-elementor-post-type=\"page\">\n\t\t\t\t\t\t<section class=\"elementor-section elementor-top-section elementor-element elementor-element-c2bb5b8 elementor-section-boxed elementor-section-height-default elementor-section-height-default\" data-id=\"c2bb5b8\" data-element_type=\"section\" data-settings=\"{&quot;background_background&quot;:&quot;classic&quot;}\">\n\t\t\t\t\t\t\t<div class=\"elementor-background-overlay\"><\/div>\n\t\t\t\t\t\t\t<div class=\"elementor-container elementor-column-gap-default\">\n\t\t\t\t\t<div class=\"elementor-column elementor-col-50 elementor-top-column elementor-element elementor-element-d5b5754 elementor-invisible\" data-id=\"d5b5754\" data-element_type=\"column\" data-settings=\"{&quot;animation&quot;:&quot;fadeInRight&quot;}\">\n\t\t\t<div class=\"elementor-widget-wrap elementor-element-populated\">\n\t\t\t\t\t\t<div class=\"elementor-element elementor-element-9e052b1 elementor-widget elementor-widget-heading\" data-id=\"9e052b1\" data-element_type=\"widget\" data-widget_type=\"heading.default\">\n\t\t\t\t<div class=\"elementor-widget-container\">\n\t\t\t\t\t<h1 class=\"elementor-heading-title elementor-size-default\">Certifications Thermostop <\/h1>\t\t\t\t<\/div>\n\t\t\t\t<\/div>\n\t\t\t\t<div class=\"elementor-element elementor-element-2690e4d elementor-widget elementor-widget-button\" data-id=\"2690e4d\" data-element_type=\"widget\" data-widget_type=\"button.default\">\n\t\t\t\t<div class=\"elementor-widget-container\">\n\t\t\t\t\t\t\t\t\t<div class=\"elementor-button-wrapper\">\n\t\t\t\t\t<a class=\"elementor-button elementor-button-link elementor-size-sm\" href=\"\/fr\/devis\/\">\n\t\t\t\t\t\t<span class=\"elementor-button-content-wrapper\">\n\t\t\t\t\t\t\t\t\t<span class=\"elementor-button-text\"> Demandez une soumission<\/span>\n\t\t\t\t\t<\/span>\n\t\t\t\t\t<\/a>\n\t\t\t\t<\/div>\n\t\t\t\t\t\t\t\t<\/div>\n\t\t\t\t<\/div>\n\t\t\t\t\t<\/div>\n\t\t<\/div>\n\t\t\t\t<div class=\"elementor-column elementor-col-50 elementor-top-column elementor-element elementor-element-df12bcc elementor-invisible\" data-id=\"df12bcc\" data-element_type=\"column\" data-settings=\"{&quot;animation&quot;:&quot;fadeIn&quot;}\">\n\t\t\t<div class=\"elementor-widget-wrap\">\n\t\t\t\t\t\t\t<\/div>\n\t\t<\/div>\n\t\t\t\t\t<\/div>\n\t\t<\/section>\n\t\t\t\t<section class=\"elementor-section elementor-top-section elementor-element elementor-element-7c3ec26 elementor-section-boxed elementor-section-height-default elementor-section-height-default\" data-id=\"7c3ec26\" data-element_type=\"section\">\n\t\t\t\t\t\t<div class=\"elementor-container elementor-column-gap-default\">\n\t\t\t\t\t<div class=\"elementor-column elementor-col-100 elementor-top-column elementor-element elementor-element-36f8038\" data-id=\"36f8038\" data-element_type=\"column\">\n\t\t\t<div class=\"elementor-widget-wrap elementor-element-populated\">\n\t\t\t\t\t\t<div class=\"elementor-element elementor-element-111946b elementor-widget elementor-widget-text-editor\" data-id=\"111946b\" data-element_type=\"widget\" data-widget_type=\"text-editor.default\">\n\t\t\t\t<div class=\"elementor-widget-container\">\n\t\t\t\t\t\t\t\t\t<p><strong>Tests de performance<\/strong><\/p><p>&#8211; ASTM E-283 (Infiltration d\u2019air): 0.645 L\/s-m<sup>2<\/sup> \u00e0 75 Pa (0.127 cfm\/pi<sup> 2<\/sup> \u00e0 25 miles\/heure)<br \/>&#8211; ASTM E-547 (Infiltration d\u2019eau): Aucune fuite<br \/>&#8211; ASTM E-547 (R\u00e9sistance \u00e0 la p\u00e9n\u00e9tration de l\u2019eau) : absolument pas de fuite<br \/>&#8211; BS EN 12426 (\u00c9tanch\u00e9it\u00e9 \u00e0 l\u2019air) : classe 4, avec 2.9m<sup>3<\/sup> \/heure-m<sup>2<\/sup> at 50 Pa<br \/>&#8211; BS EN 12489 (R\u00e9sistance \u00e0 la p\u00e9n\u00e9tration de l\u2019eau) : absolument pas de fuite<br \/>&#8211; ASTM E-413 (Classification pour l\u2019\u00e9valuation de l\u2019isolation acoustique) : STC 34 \u00e0 STC 40<br \/>&#8211; UL 471 (UL Norme de s\u00e9curit\u00e9 pour les r\u00e9frig\u00e9rateurs et les cong\u00e9lateurs commerciaux)<br \/>&#8211; CAN\/CSA C22.2 No.120-M91 (CSA Standard d&rsquo;\u00e9quipement de r\u00e9frig\u00e9ration)<br \/>&#8211; Certification Underwriters Laboratory UL 752 (Standard for Bullet-Resisting Equipment) Niveau<br \/>1 \u00e0 Niveau 8<\/p><p><strong>Agence canadienne d\u2019inspection des aliments<\/strong><br \/>Fili\u00e8re # T174<\/p>\t\t\t\t\t\t\t\t<\/div>\n\t\t\t\t<\/div>\n\t\t\t\t\t<\/div>\n\t\t<\/div>\n\t\t\t\t\t<\/div>\n\t\t<\/section>\n\t\t\t\t<\/div>\n\t\t","protected":false},"excerpt":{"rendered":"<p>Certifications Thermostop Demandez une soumission Tests de performance &#8211; ASTM E-283 (Infiltration d\u2019air): 0.645 L\/s-m2 \u00e0 75 Pa (0.127 cfm\/pi 2 \u00e0 25 miles\/heure) &#8211; ASTM E-547 (Infiltration d\u2019eau): Aucune fuite &#8211; ASTM E-547 (R\u00e9sistance \u00e0 la p\u00e9n\u00e9tration de l\u2019eau) : absolument pas de fuite &#8211; BS EN 12426 (\u00c9tanch\u00e9it\u00e9 \u00e0 l\u2019air) : classe 4, [&hellip;]<\/p>\n","protected":false},"author":3,"featured_media":0,"parent":0,"menu_order":0,"comment_status":"closed","ping_status":"closed","template":"elementor_header_footer","meta":{"footnotes":""},"class_list":["post-7089","page","type-page","status-publish","hentry"],"_links":{"self":[{"href":"https:\/\/thermostop.com\/fr\/wp-json\/wp\/v2\/pages\/7089","targetHints":{"allow":["GET"]}}],"collection":[{"href":"https:\/\/thermostop.com\/fr\/wp-json\/wp\/v2\/pages"}],"about":[{"href":"https:\/\/thermostop.com\/fr\/wp-json\/wp\/v2\/types\/page"}],"author":[{"embeddable":true,"href":"https:\/\/thermostop.com\/fr\/wp-json\/wp\/v2\/users\/3"}],"replies":[{"embeddable":true,"href":"https:\/\/thermostop.com\/fr\/wp-json\/wp\/v2\/comments?post=7089"}],"version-history":[{"count":8,"href":"https:\/\/thermostop.com\/fr\/wp-json\/wp\/v2\/pages\/7089\/revisions"}],"predecessor-version":[{"id":8090,"href":"https:\/\/thermostop.com\/fr\/wp-json\/wp\/v2\/pages\/7089\/revisions\/8090"}],"wp:attachment":[{"href":"https:\/\/thermostop.com\/fr\/wp-json\/wp\/v2\/media?parent=7089"}],"curies":[{"name":"wp","href":"https:\/\/api.w.org\/{rel}","templated":true}]}}